{"id":2108,"date":"2018-02-12T12:58:34","date_gmt":"2018-02-12T10:58:34","guid":{"rendered":"http:\/\/www.johannes-goederitz-stiftung.de\/?page_id=2108"},"modified":"2026-03-31T15:29:58","modified_gmt":"2026-03-31T13:29:58","slug":"stiftung","status":"publish","type":"page","link":"https:\/\/www.johannes-goederitz-stiftung.de\/?page_id=2108","title":{"rendered":"Stiftung"},"content":{"rendered":"<p>Im Jahr 1978 entschlossen sich ehemalige Sch\u00fcler und langj\u00e4hrige Mitarbeiter, nach einer Idee von Ernst-Martin Winterstein, durch eine Stiftung das Wirken und die Pers\u00f6nlichkeit des international anerkannten Hochschullehrers Prof. Dr.-Ing. E.h. Johannes Gustav Ludwig G\u00f6deritz aus Anlass seines 90. Geburtstages zu w\u00fcrdigen. Johannes G\u00f6deritz konnte die offizielle Best\u00e4tigung der ihn ehrenden Stiftung nicht mehr erleben, da er kurz zuvor verstarb.<\/p>\n<p>Die nach ihm benannte Johannes-G\u00f6deritz-Stiftung ist aufgrund ihres Verm\u00f6gens in der Lage, allj\u00e4hrlich Preise zur F\u00f6rderung studentischer Arbeiten im Bereich St\u00e4dtebau zu vergeben. Seit einigen Jahren werden nun Preistr\u00e4gerarbeiten in einem formalisierten Wettbewerbsverfahren ausgew\u00e4hlt. Regelm\u00e4\u00dfig teilnehmende Universit\u00e4ten sind die Technische Universit\u00e4t Braunschweig und die Leibniz Universit\u00e4t Hannover mit ihren Studierenden der Fachrichtung Architektur und St\u00e4dtebau. Im Wechsel werden Universit\u00e4ten und Hochschulen aus ganz Deutschland zur Teilnahme an diesem st\u00e4dtebaulichen Ideenwettbewerb eingeladen. Nach der Wiedervereinigung Deutschlands 1989 stand besonders der fachliche Austausch und Leistungsvergleich mit den ostdeutschen Universit\u00e4ten im Vordergrund. Seit geraumer Zeit wurde der Teilnehmerkreis durch Hochschulen aus dem gesamten Raum Deutschlands erweitert. Mit wechselnden Fachpreisrichtern \u00e4ndern sich phasenverschoben seither auch die teilnehmenden Universit\u00e4ten.<\/p>\n<h1><strong>Stiftungsmitglieder<\/strong><\/h1>\n<p>Prof. Dipl.-Ing. J\u00f6rg Schr\u00f6der (Vorsitzender &#8211; tempor\u00e4r, Leibniz Universit\u00e4t Hannover)<br \/>\nProf. Dipl.-Ing. Uwe Brederlau (TU Braunschweig)<br \/>\nDr. Claudia Winterstein (Verm\u00f6gensverwaltung)<br \/>\nProf. Dipl.-Ing. Irene Lohaus (Schriftf\u00fchrerin, TU Dresden)<br \/>\nDipl.-Ing. Thomas Vielhaber (Stadtbaurat Hannover)<br \/>\nDipl.-Ing. Thorsten Warnecke (Fachbereichsleiter Planen und Stadtentwicklung, Stadt Hannover)<br \/>\nDipl.-Ing. Heide Dr\u00fcsedau (Ehrenmitglied)<br \/>\nProf. Dipl.-Ing. Christa Reicher (RWTH Aachen)<br \/>\nProf. Dr. Angela Ittel (Pr\u00e4sidentin der TU Braunschweig)<br \/>\nDipl.-Ing. Heinz-Georg Leuer (ehemaliger Stadtbaurat Hannover)<br \/>\nDipl.-Ing. Bernd Schmidbauer (Fachbereichsleiter Stadtplanung, Stadt Braunschweig)<br \/>\nProf. Dipl.-Ing. Arch. Friedrich Spengelin (Ehrenmitglied, \u2020 30. April 2016)<\/p>\n","protected":false},"excerpt":{"rendered":"<p>Im Jahr 1978 entschlossen sich ehemalige Sch\u00fcler und langj\u00e4hrige Mitarbeiter, nach einer Idee von Ernst-Martin Winterstein, durch eine&#8230;<\/p>\n","protected":false},"author":1,"featured_media":0,"parent":0,"menu_order":0,"comment_status":"closed","ping_status":"closed","template":"","meta":{"footnotes":""},"class_list":["post-2108","page","type-page","status-publish","hentry","content-wrap"],"_links":{"self":[{"href":"https:\/\/www.johannes-goederitz-stiftung.de\/index.php?rest_route=\/wp\/v2\/pages\/2108","targetHints":{"allow":["GET"]}}],"collection":[{"href":"https:\/\/www.johannes-goederitz-stiftung.de\/index.php?rest_route=\/wp\/v2\/pages"}],"about":[{"href":"https:\/\/www.johannes-goederitz-stiftung.de\/index.php?rest_route=\/wp\/v2\/types\/page"}],"author":[{"embeddable":true,"href":"https:\/\/www.johannes-goederitz-stiftung.de\/index.php?rest_route=\/wp\/v2\/users\/1"}],"replies":[{"embeddable":true,"href":"https:\/\/www.johannes-goederitz-stiftung.de\/index.php?rest_route=%2Fwp%2Fv2%2Fcomments&post=2108"}],"version-history":[{"count":11,"href":"https:\/\/www.johannes-goederitz-stiftung.de\/index.php?rest_route=\/wp\/v2\/pages\/2108\/revisions"}],"predecessor-version":[{"id":2625,"href":"https:\/\/www.johannes-goederitz-stiftung.de\/index.php?rest_route=\/wp\/v2\/pages\/2108\/revisions\/2625"}],"wp:attachment":[{"href":"https:\/\/www.johannes-goederitz-stiftung.de\/index.php?rest_route=%2Fwp%2Fv2%2Fmedia&parent=2108"}],"curies":[{"name":"wp","href":"https:\/\/api.w.org\/{rel}","templated":true}]}}