{"id":2137,"date":"2018-02-21T11:36:48","date_gmt":"2018-02-21T09:36:48","guid":{"rendered":"http:\/\/www.johannes-goederitz-stiftung.de\/?page_id=2137"},"modified":"2026-03-03T18:18:17","modified_gmt":"2026-03-03T16:18:17","slug":"johannes-goederitz","status":"publish","type":"page","link":"https:\/\/www.johannes-goederitz-stiftung.de\/?page_id=2137","title":{"rendered":"Johannes G\u00f6deritz"},"content":{"rendered":"\n<p>Johannes G\u00f6deritz, (*24.5.1888 Ramsin\/Kreis Bitterfeld\/ \u2020 27.03. 1978 Braunlage\/Harz) geh\u00f6rte in Deutschland zu den bedeutenden Architekten, St\u00e4dtebauern und Hochschullehrern im 20. Jahrhundert. Nach Studium der Architektur an der TH Charlottenburg und Ausbildung zum Regierungsbaumeister in der Preu\u00dfischen Bauverwaltung war er 1921 \u201eAssistent des Stadtbaurats\u201c Bruno Taut in Magdeburg geworden, dessen Amt er 1923 in kommissarischer Leitung \u00fcbernahm. Nach seiner Wahl zum Stadtbaurat 1927 stand er in der Elbestadt an der Spitze der kommunalen Hochbauverwaltung und verantwortete auch die Stadtplanung und Stadterweiterung. In dieser Position lenkte G\u00f6deritz s\u00e4mtliche kommunale Bauplanungen \u2013 von Volksb\u00e4dern und Gesch\u00e4ftsh\u00e4usern \u00fcber den Bau von Industrieanlagen und Ausstellungsgeb\u00e4uden bis hin zur Planung von gemeinn\u00fctzigen Wohnsiedlungen \u2013 alles eingebettet in einen weitsichtigen Generalsiedungsplan und erg\u00e4nzt durch detaillierte Gr\u00fcn- und Nutzfl\u00e4chenpl\u00e4ne.<br>Von den Nationalsozialisten 1933 seines Amtes enthoben, kam er 1936 nach Berlin in die Gesch\u00e4ftsf\u00fchrung der Deutschen Akademie f\u00fcr St\u00e4dtebau, Reichs- und Landesplanung (vormals Akademie f\u00fcr St\u00e4dtebau, Mitglied seit 1927). Dort half er schon in den fr\u00fchen Vierziger Jahren den \u201eWiederaufbau kriegszerst\u00f6rter St\u00e4dte\u201c planerisch vorzubereiten und formulierte gemeinsam mit Roland Rainer und Hubert Hoffmann alle wesentlichen Grundz\u00fcge der erst 1957 ver\u00f6ffentlichten Schrift: \u201eDie gegliederte und aufgelockerte Stadt\u201c.<\/p>\n\n\n\n<p>1945 fand er in Braunschweig einen neuen Wirkungskreis, wurde hier zum Stadtbaurat&nbsp; (Dezernent f\u00fcr Bauwesen) ernannt und lehrte an der TH (seit 1968 TU) in unterschiedlichen Positionen \u201eLandesplanung, St\u00e4dtebau und Wohnungswesen\u201c. 1960-62 hatte er das Direktorium des \u201eInstituts f\u00fcr St\u00e4dtebau und Wohnungswesen\u201c der Deutschen Akademie f\u00fcr St\u00e4dtebau und Landesplanung an der TU M\u00fcnchen inne. 1960-1968\/70 war er Lehrbeauftragter f\u00fcr Raumordnung und Landesplanung an der TU Braunschweig. W\u00e4hrend seiner Braunschweiger Jahre entwickelte sich G\u00f6deritz vom verbeamteten Stadtbaurat zu einem anerkanntem Stadtbautheoretiker und Wissenschaftler \u2013 zu einem \u201eAltmeister der St\u00e4dtebauplanung\u201c (Braunschweiger Zeitung 1978).<br>Ihm wurden zahlreiche Auszeichnungen zuteil, darunter schon 1953 die Ehrendoktorw\u00fcrde der TU Berlin \u201ein Anerkennung seiner au\u00dferordentlichen Verdienste als Architekt und Leiter gro\u00dfst\u00e4dtischer Bauverwaltungen\u201c.&nbsp; \u2013 Weitere Auszeichnungen: 1956 Cornelius-Gurlitt-Plakette der Deutschen Akademie f\u00fcr St\u00e4dtebau- und Landesplanung, 1958 Goldene Medaille der Stadt Braunschweig, 1962 Berufung in den Arbeitskreis \u201eStadterneuerung\u201c (Bundesministerium f\u00fcr Wohnungswesen, St\u00e4dtebau und Raumordnung), 1963 Gro\u00dfes Bundesverdienstkreuz (Halskreuz), 1964 Berufung in den Wissenschaftsrat der Gesellschaft f\u00fcr Wohnungs- und Siedlungswesen (GEWOS), Hamburg (1975 Ehrenmitglied), 1965 Heinrich-Plett-Preis f\u00fcr seine Verdienste um den Wohnungs- und St\u00e4dtebau, 1966 Berufung in den Arbeitskreis \u201eSt\u00e4dtebau\u201c beim Bundesminister f\u00fcr Wohnungswesen und St\u00e4dtebau, 1968 Vorsitzender der Klasse \u201eBauwissenschaften\u201c der Braunschweigischen Wissenschaftlichen Gesellschaft. 1968 Ehrensenator der TU Braunschweig.<\/p>\n\n\n\n<p class=\"has-text-align-right\"><em>Olaf Gisbertz<\/em><\/p>\n\n\n\n<p class=\"has-white-color has-text-color\">x<\/p>\n\n\n\n<p class=\"has-white-color has-text-color\">x<\/p>\n\n\n\n<p class=\"has-white-color has-text-color\">x<\/p>\n\n\n\n<p><strong>Literaturhinweise<\/strong><\/p>\n\n\n\n<p>Olaf Gisbertz: Bruno Taut und Johannes G\u00f6deritz in Magdeburg. Architektur und St\u00e4dtebau in der Weimarer Republik. Berlin: Gebr.-Mann Verlag 2000.<br>Olaf Gisbertz: \u201e&#8230;mit Geist und Witz\u201c \u2013 Johannes G\u00f6deritz als Architekt und St\u00e4dtebauer. In:&nbsp; Der Architekt, 06\/2000, S. 48-51.<br>Olaf Gisbertz: St\u00e4dtebau. In: Wilhelm, Karin&nbsp; und Olaf Gisbertz; Detelf Jessen-Klingenberg und Anne Schmedding: Gesetz und Freiheit. Der Architekt Friedrich Wilhelm Kraemer (1907-1990). Berlin: Jovis. 2007. S. 55-63.<br>Olaf Gisbertz: Autodidakt und Allesk\u00f6nner. August Endell im Br\u00f6han-Musuem Berlin. In: Kunstchronik, 65. Jg. H. 11. Nov. 2012. S.535-540, bes. 539 f.<br>Olaf Gisbertz: Marke und Mythos \u2013 Braunschweiger Schule. In: Philipp-Klaus, Jan und Kerstin Renz (Hg.). Architekturschulen. Programm, Pragmatik, Propaganda. T\u00fcbingen: Wasmuth-Verlag 2012, S. 1591-71.<br>Olaf Gisbertz: res publica \u2013 Nachkriegsmoderne und Architekturkritik. In: ders. (Hg.) Nachkriegsmoderne kontrovers. Positionen der Gegenwart. Berlin: Jovis 2012, S. 20-39.<br>Harmen Thies: Johannes G\u00f6deritz in Braunschweig. Kontinuit\u00e4ten eines Jahrhunderts. In: Zwischen Traum und Trauma. St\u00e4dtebau der Nachkriegsmoderne. Hrsg. von J\u00f6rn D\u00fcwel und Michael M\u00f6nninger: Zwischen Traum und Trauma: Stadtplanung der Nachkriegsmoderne. Berlin: DOM 2011, S. 187-197.<\/p>\n","protected":false},"excerpt":{"rendered":"<p>Johannes G\u00f6deritz, (*24.5.1888 Ramsin\/Kreis Bitterfeld\/ \u2020 27.03. 1978 Braunlage\/Harz) geh\u00f6rte in Deutschland zu den bedeutenden Architekten, St\u00e4dtebauern und&#8230;<\/p>\n","protected":false},"author":1,"featured_media":1117,"parent":2108,"menu_order":0,"comment_status":"closed","ping_status":"closed","template":"","meta":{"footnotes":""},"class_list":["post-2137","page","type-page","status-publish","has-post-thumbnail","hentry","content-wrap"],"_links":{"self":[{"href":"https:\/\/www.johannes-goederitz-stiftung.de\/index.php?rest_route=\/wp\/v2\/pages\/2137","targetHints":{"allow":["GET"]}}],"collection":[{"href":"https:\/\/www.johannes-goederitz-stiftung.de\/index.php?rest_route=\/wp\/v2\/pages"}],"about":[{"href":"https:\/\/www.johannes-goederitz-stiftung.de\/index.php?rest_route=\/wp\/v2\/types\/page"}],"author":[{"embeddable":true,"href":"https:\/\/www.johannes-goederitz-stiftung.de\/index.php?rest_route=\/wp\/v2\/users\/1"}],"replies":[{"embeddable":true,"href":"https:\/\/www.johannes-goederitz-stiftung.de\/index.php?rest_route=%2Fwp%2Fv2%2Fcomments&post=2137"}],"version-history":[{"count":8,"href":"https:\/\/www.johannes-goederitz-stiftung.de\/index.php?rest_route=\/wp\/v2\/pages\/2137\/revisions"}],"predecessor-version":[{"id":2599,"href":"https:\/\/www.johannes-goederitz-stiftung.de\/index.php?rest_route=\/wp\/v2\/pages\/2137\/revisions\/2599"}],"up":[{"embeddable":true,"href":"https:\/\/www.johannes-goederitz-stiftung.de\/index.php?rest_route=\/wp\/v2\/pages\/2108"}],"wp:featuredmedia":[{"embeddable":true,"href":"https:\/\/www.johannes-goederitz-stiftung.de\/index.php?rest_route=\/wp\/v2\/media\/1117"}],"wp:attachment":[{"href":"https:\/\/www.johannes-goederitz-stiftung.de\/index.php?rest_route=%2Fwp%2Fv2%2Fmedia&parent=2137"}],"curies":[{"name":"wp","href":"https:\/\/api.w.org\/{rel}","templated":true}]}}