{"id":2141,"date":"2018-02-21T11:43:29","date_gmt":"2018-02-21T09:43:29","guid":{"rendered":"http:\/\/www.johannes-goederitz-stiftung.de\/?page_id=2141"},"modified":"2018-02-21T12:02:56","modified_gmt":"2018-02-21T10:02:56","slug":"geschaeftsordnung","status":"publish","type":"page","link":"https:\/\/www.johannes-goederitz-stiftung.de\/?page_id=2141","title":{"rendered":"Gesch\u00e4ftsordnung"},"content":{"rendered":"<p>Gesch\u00e4ftsordnung zur Durchf\u00fchrung des Verfahrens der Johannes-G\u00f6deritz-Preise vom 27.04.2007<\/p>\n<h3><em>\u00a7 1<\/em><\/h3>\n<p>Die Durchf\u00fchrung des Preisverfahrens erfolgt in Form eines Studentenwettbewerbs in j\u00e4hrlichem Wechsel durch folgende Hochschulen:<\/p>\n<p>&#8211; TU Braunschweig<br \/>\n&#8211; Universit\u00e4t Hannover<\/p>\n<p>sowie durch weitere Hochschulen, die auf Beschluss des Vorstandes jeweils gew\u00e4hlt werden und dann gleichberechtigt an dem Verfahren teilnehmen.<\/p>\n<p>Nach Abschluss eines Zyklus k\u00f6nnen auf Beschluss des Vorstandes andere Hochschulen f\u00fcr eine neue Runde ausgew\u00e4hlt werden.<\/p>\n<p>Der Wettbewerb l\u00e4uft in der Regel im Sommersemester mit dem Ziel, dass die Arbeiten bei den beteiligten Instituten \/ Lehrst\u00fchlen in der vorlesungsfreien Zeit abgegeben werden k\u00f6nnen. Daraufhin erfolgt eine Vorbeurteilung der studentischen Arbeiten durch die Institute und die Auswahl der jeweils besten 5 Arbeiten sowie deren Versendung an das federf\u00fchrende Institut.<\/p>\n<p>Das Preisgericht findet vor Beginn des Wintersemesters statt.<\/p>\n<h3><em>\u00a7 2<\/em><\/h3>\n<p>Die jeweils das Verfahren durchf\u00fchrende Hochschule \u00fcbernimmt folgende Verpflichtungen in Abstimmung mit der Johannes-G\u00f6deritz-Stiftung:<\/p>\n<p>&#8211; Wahl der Aufgabenstellung;<br \/>\nBestimmung des Wettbewerbsgebietes;<br \/>\nFormulierung des Programms;<br \/>\nFormulierung der Wettbewerbsleistungen und der Termine;<br \/>\nMitwirkung bei der Zusammenstellung des Preisgerichtes.<br \/>\n&#8211; Rechtzeitige Information der jeweils beteiligten Hochschulinstitute und der Vorstandsmitglieder der Johannes-G\u00f6deritz-Stiftung mit einer Kurzbeschreibung der Aufgabe bis Ende Januar des jeweiligen Kalenderjahres.<br \/>\n&#8211; Versendung der Wettbewerbsunterlagen bis sp\u00e4testens Ende des Wintersemesters an die Institute mit dem Ziel, dass das Thema als Entwurfsaufgabe bekannt gemacht wird (Beispiele von fr\u00fcheren Beschreibungen liegen vor und k\u00f6nnen am besten bei dem jeweils letztveranstaltenden Institut angefragt werden).<br \/>\n&#8211; Durchf\u00fchrung eines Einf\u00fchrungskolloquiums f\u00fcr alle beteiligten Hochschulen, zugleich Preisverleihung des vorhergehenden Wettbewerbes. Hierzu Einladungen der beim vorherigen Wettbewerb beteiligten Institute, der Preistr\u00e4ger, der Jury und der Vorstandsmitglieder der Johannes-G\u00f6deritz-Stiftung<br \/>\n&#8211; Ausstellung der preisgekr\u00f6nten Arbeiten aus dem Vorjahr.<br \/>\n&#8211; Versendung der preisgekr\u00f6nten Arbeiten an den n\u00e4chsten Veranstalter<br \/>\n&#8211; Durchf\u00fchrung einer Vorpr\u00fcfung, in welcher die wesentlichen quantitativen Aussagen der Wettbewerbsentw\u00fcrfe \u00fcbersichtlich gegen\u00fcbergestellt werden (z. B. Schemapl\u00e4ne und wertfreie Erl\u00e4uterung der Arbeiten in Zusammenhang mit der Jurysitzung).<br \/>\n&#8211; Durchf\u00fchrung der Jurysitzung und der nachfolgenden Ausstellung des Wettbewerbsergebnisses.<br \/>\n&#8211; Versendung des von der Jury unterschriebenen Protokolls an alle Beteiligten.<br \/>\n&#8211; Herstellung einer Brosch\u00fcre mit Dokumentation der Aufgabenstellung und der Wettbewerbsergebnisse (Redaktion und Druck: Auflage 100 Exemplare, die f\u00fcr die Preistr\u00e4ger, die Jury, die am Wettbewerb beteiligten Institute und die Stiftung sowie die Architekturfachbereiche der deutschen Hochschulen bestimmt sind). Versand der Brosch\u00fcre.<br \/>\n&#8211; \u00dcbersendung entsprechender Unterlagen zur Ver\u00f6ffentlichung des Wettbewerbsergebnisses in einer Fachzeitschrift (z. B. wettbewerbe aktuell), rechtzeitige Aufnahme der Verbindung mit der Redaktion.<br \/>\n&#8211; Einladung und Information der \u00f6rtlichen Presse (und ggf. der Fachpresse) zu allen relevanten Terminen.<\/p>\n<h3><em>\u00a7 3<\/em><\/h3>\n<p>Der Jury geh\u00f6ren an:<br \/>\n&#8211; Der Stifter.<br \/>\n&#8211; Die Mitglieder des Vorstandes einschlie\u00dflich Vertreter, sofern sie nicht aus den Fachinstituten der beteiligten Hochschulen kommen.<br \/>\n&#8211; Ein Fachvertreter der Stadt \/ Gemeinde, soweit die gegebene Aufgabe dieses erforderlich macht.<br \/>\n&#8211; 3 weitere Preisrichter aus dem Kreis der Hochschulprofessoren aus Hochschulen, die nicht an jeweiligen Verfahren beteiligt sind.<\/p>\n<p>Mit beratender Stimme k\u00f6nnen weitere Personen \u2013 sofern fachliche Notwendigkeit besteht &#8211; benannt werden.<\/p>\n<h3><em>\u00a7 4<\/em><\/h3>\n<p>Die Wettbewerbsarbeiten werden in einem Informationsrundgang durch die Vertreter der Hochschulen erl\u00e4utert. Zu den anschlie\u00dfenden Ausscheidungsrundg\u00e4ngen ist nur das Preisgericht in der Zusammensetzung, wie in der Wettbewerbsauslobung aufgef\u00fchrt, anwesend.<\/p>\n<h3><em>\u00a7 5<\/em><\/h3>\n<p>Die Preissumme (in der Regel 80 % des jeweiligen Budgets) wird jeweils mit einer H\u00f6chstgrenze im Text der Ausschreibung benannt. Die Jury verteilt den Betrag in Eigenverantwortung nach Ma\u00dfgabe des Wettbewerbsergebnisses.<\/p>\n<h3><em>\u00a7 6<\/em><\/h3>\n<p>Die veranstaltende Hochschule erh\u00e4lt einen betrag auf Nachweis bis zu 30 % des jeweiligen Budgets als Ausgleich f\u00fcr die entstehenden Kosten bei der Organisation der Veranstaltungen und f\u00fcr die Herstellung der Brosch\u00fcre. Die dar\u00fcber hinausgehenden Kosten f\u00fcr das jeweilige Verfahren tr\u00e4gt die veranstaltende Hochschule, evtl. mit Unterst\u00fctzung durch die Stadt\/Gemeinde, in welcher das Wettbewerbsgebiet liegt.<\/p>\n<h3><em>\u00a7 7<\/em><\/h3>\n<p>Gestaltung der Brosch\u00fcre<br \/>\n&#8211; Benennung der Johannes-G\u00f6deritz-Stiftung als Herausgeber.<br \/>\n&#8211; Vorwort und Hinweis auf Johannes G\u00f6deritz und die Stiftung.<br \/>\n&#8211; Beschreibung der Aufgabe.<br \/>\n&#8211; Protokoll der Jury.<br \/>\n&#8211; Dokumentation der Preise und sonstigen Auszeichnungen. (Pl\u00e4ne, Modelle, Erl\u00e4uterungsberichte), Beurteilung der Jury.<\/p>\n","protected":false},"excerpt":{"rendered":"<p>Gesch\u00e4ftsordnung zur Durchf\u00fchrung des Verfahrens der Johannes-G\u00f6deritz-Preise vom 27.04.2007 \u00a7 1 Die Durchf\u00fchrung des Preisverfahrens erfolgt in Form&#8230;<\/p>\n","protected":false},"author":1,"featured_media":0,"parent":2108,"menu_order":0,"comment_status":"closed","ping_status":"closed","template":"","meta":{"footnotes":""},"class_list":["post-2141","page","type-page","status-publish","hentry","content-wrap"],"_links":{"self":[{"href":"https:\/\/www.johannes-goederitz-stiftung.de\/index.php?rest_route=\/wp\/v2\/pages\/2141","targetHints":{"allow":["GET"]}}],"collection":[{"href":"https:\/\/www.johannes-goederitz-stiftung.de\/index.php?rest_route=\/wp\/v2\/pages"}],"about":[{"href":"https:\/\/www.johannes-goederitz-stiftung.de\/index.php?rest_route=\/wp\/v2\/types\/page"}],"author":[{"embeddable":true,"href":"https:\/\/www.johannes-goederitz-stiftung.de\/index.php?rest_route=\/wp\/v2\/users\/1"}],"replies":[{"embeddable":true,"href":"https:\/\/www.johannes-goederitz-stiftung.de\/index.php?rest_route=%2Fwp%2Fv2%2Fcomments&post=2141"}],"version-history":[{"count":2,"href":"https:\/\/www.johannes-goederitz-stiftung.de\/index.php?rest_route=\/wp\/v2\/pages\/2141\/revisions"}],"predecessor-version":[{"id":2150,"href":"https:\/\/www.johannes-goederitz-stiftung.de\/index.php?rest_route=\/wp\/v2\/pages\/2141\/revisions\/2150"}],"up":[{"embeddable":true,"href":"https:\/\/www.johannes-goederitz-stiftung.de\/index.php?rest_route=\/wp\/v2\/pages\/2108"}],"wp:attachment":[{"href":"https:\/\/www.johannes-goederitz-stiftung.de\/index.php?rest_route=%2Fwp%2Fv2%2Fmedia&parent=2141"}],"curies":[{"name":"wp","href":"https:\/\/api.w.org\/{rel}","templated":true}]}}