{"id":2543,"date":"2024-11-05T14:58:27","date_gmt":"2024-11-05T12:58:27","guid":{"rendered":"https:\/\/www.johannes-goederitz-stiftung.de\/?page_id=2543"},"modified":"2026-03-03T18:23:05","modified_gmt":"2026-03-03T16:23:05","slug":"johannes-goederitz-in-der-zeit-von-1936-bis-1944","status":"publish","type":"page","link":"https:\/\/www.johannes-goederitz-stiftung.de\/?page_id=2543","title":{"rendered":"Johannes G\u00f6deritz in der Zeit von 1936 bis 1944"},"content":{"rendered":"\n<p>Im Juni 2021 wurde der Vorstand der Johannes-G\u00f6deritz-Stiftung durch Prof. Ingrid Krau (M\u00fcnchen), Prof. Sophie Wolfrum (M\u00fcnchen) und Prof. Julian Wekel (Berlin) in Kenntnis gesetzt, dass Johannes G\u00f6deritz in der Zeit des Nationalsozialismus Funktionen, u.a. bei Albert Speer ab 1943, innehatte, die in seinem ver\u00f6ffentlichten Lebenslauf nicht benannt waren.<\/p>\n\n\n\n<p>Aufgrund der angef\u00fchrten Quellen w\u00fcrde sich insgesamt ein Bild ergeben, dass Johannes G\u00f6deritz in den Jahren nach 1933 (Entfernung aus dem Amt des Stadtbaurats als \u201eKulturbolschewist\u201c durch die Nationalsozialisten) eine gro\u00dfe N\u00e4he zum nationalsozialistischen Gedankengut entwickelt haben k\u00f6nnte.<\/p>\n\n\n\n<p>Als Anlass gebende Quellen daf\u00fcr sind das von der Akademie f\u00fcr St\u00e4dtebau und Landesplanung in Auftrag gegebene Werk \u201eOrdnung und Gestalt\u201c, Geschichte und Theorie des St\u00e4dtebaus im 20. Jahrhundert 1922 bis 1975 von J\u00f6rn D\u00fcwel und Niels Gutschow sowie der Sammelband von Werner Durth \u201eDeutsche Architekten\u201c von 2001 und der Band 3 von Johann Friedrich Geist und Klaus K\u00fcrvers \u201eDas Berliner Mietshaus\u201c von 1989 sowie Ingrid Krau \u201eSt\u00e4dtebau als Prozess\u201c von 2010 benannt.<\/p>\n\n\n\n<p>Die Unterzeichnenden des Schreibens, Julian Wekel, Sophie Wolfrum und Ingrid Krau, sind der Auffassung, dass damit auch ein Bild vom Namensgeber Johannes G\u00f6deritz vermittelt werden sollte, dass neben allen anerkannten Lebensleistungen und Verdiensten als Architekt, Stadtbaurat und Hochschullehrer auch seine Funktionen und seine geistige Mitverantwortung in der Zeit des Nationalsozialismus einschlie\u00dfen sollte.<\/p>\n\n\n\n<p>Die Studierenden als Teilnehmende am Johannes-G\u00f6deritz-Wettbewerb sollten sich aufgrund dieser Informationen zu Johannes G\u00f6deritz k\u00fcnftig selbst ein Bild vom Namensgeber der Stiftung machen k\u00f6nnen.<\/p>\n\n\n\n<p>F\u00fcr die Mitglieder des Vorstandes der Johannes-G\u00f6deritz-Stiftung waren die beschriebenen Hinweise zu Johannes G\u00f6deritz neu und \u00fcberraschend. F\u00fcr die Stiftung insgesamt wurde beschlossen, die beschriebenen zus\u00e4tzlichen Erkenntnisse zur Biografie von G\u00f6deritz umfassend und \u00f6ffentlich transparent aufzuarbeiten. Auch mit dem Wissen, dass das Ergebnis voraussichtlich gro\u00dfen Einfluss auf die zuk\u00fcnftige Entwicklung der Stiftung haben k\u00f6nnte.<\/p>\n\n\n\n<p>In der Folge begann eine Suche nach Personen, die in der Lage und bef\u00e4higt sind, objektive Gutachten zu Aktivit\u00e4ten und Funktionen von Johannes G\u00f6deritz in der Zeit des Nationalsozialismus verfassen zu k\u00f6nnen. Frau Wolf (Leiterin des Universit\u00e4tsarchiv der TU) und Herr Erlewein (Leitung Gesch\u00e4ftsbereich 1 Personal, Recht und Studium der TU) zeigten einen Weg auf, wie eine Aufarbeitung besonders der Jahre 1934 \u2013 1945 im Lebenslauf von Johannes G\u00f6deritz durch die TU -Braunschweig selbst gelingen k\u00f6nnte. Daraufhin \u00fcbernahm Frau Wolf die Ausarbeitung des Gutachtens. Au\u00dfer der Recherche im Universit\u00e4tsarchiv erschloss sie in der Folge noch weitergehende Quellen (s. Ordnung und Kontinuit\u00e4t? Johannes G\u00f6deritz (1888-1978), Architekt, Stadtbaurat, Honorarprofessor, von Tanja Wolf).<\/p>\n\n\n\n<p>Diese Schrift ist au\u00dferordentlich umfassend und tiefgehend recherchiert ausgearbeitet. Frau Wolf erl\u00e4uterte dem Vorstand der Stiftung regelm\u00e4\u00dfig Rechercheergebnisse und Zwischenst\u00e4nde. Im April 2023 waren eine Kurz- und Langfassung fertiggestellt. Zusammenfassend l\u00e4sst sich in ihrem Fazit herauslesen, dass Johannes G\u00f6deritz kein Profiteur des NS- Systems war oder etwa eine N\u00e4he zum System gesucht h\u00e4tte.<\/p>\n\n\n\n<p>Die Rechercheergebnisse sollten zus\u00e4tzlich au\u00dferhalb des Kontextes der TU Braunschweig unabh\u00e4ngig bewertet werden. Dr. Henning Steinf\u00fchrer, Stadtarchiv Braunschweig und Vorsitzender der Historischen Kommission f\u00fcr Niedersachen und Bremen empfahl Prof. Dr. Gro\u00dfb\u00f6lting (Universit\u00e4t Hamburg &#8211; Professor f\u00fcr Zeitgeschichte) f\u00fcr diese Aufgabe.<\/p>\n\n\n\n<p>Dankenswerterweise sagte Herr Gro\u00dfb\u00f6lting zu und verwies auf Erfahrung in der Anfertigung vergleichbarer Schriften wie beispielsweise sein Gutachten zu Fritz H\u00f6ger.<\/p>\n\n\n\n<p>Im Fr\u00fchjahr 2024 war die Ausarbeitung fertiggestellt. Auch dieses Gutachten arbeitet intensiv mit der Quellenlage. Objektiv und abw\u00e4gend wird der Fragestellung nachgegangen \u201eWie stand der St\u00e4dteplaner, Architekt und Hochschullehrer zum Nationalsozialismus?\u201c (s. Gutachten dazu von Thomas Gro\u00dfb\u00f6lting).<\/p>\n\n\n\n<p>Parallel zu der Ausarbeitung der Gutachten gab es in den letzten drei Jahren immer wieder \u00dcberlegungen, wie sich die Stiftung verhalten sollte, falls sich eine deutliche N\u00e4he von Johannes G\u00f6deritz zu dem Nationalsozialismus herausstellen sollte. Prof. Dr. Gro\u00dfb\u00f6lting beschreibt diese Art einer gesuchten N\u00e4he in seinem Gutachten mit der Begrifflichkeit \u201edem F\u00fchrer entgegenarbeiteten\u201c.<\/p>\n\n\n\n<p>Sowohl in internen Diskussionen im Vorstand als auch in gemeinsamen Gespr\u00e4chen mit Tanja Wolf und Thomas Gro\u00dfb\u00f6lting stand eine m\u00f6gliche Umbenennung und Modifikation der Stiftungsziele im Raum.<\/p>\n\n\n\n<p>In einer letzten Vorstandssitzung im Sommer 2024 wurde sich abschlie\u00dfend dazu beraten. Die Gutachter*in waren der Auffassung, dass es f\u00fcr eine Umbenennung der Stiftung angesichts ihrer Ergebnisse keinen Grund gebe. In der sich anschlie\u00dfenden Beratung beschlossen die Vorstandsmitglieder einstimmig, dass die Namensgebung \u201eJohannes-G\u00f6deritz-Stiftung\u201c sowie die Zielsetzung der F\u00f6rderung von Studierenden des St\u00e4dtebaus beibehalten werden soll.<\/p>\n\n\n\n<p>Zu dieser Entscheidung trugen im Wesentlichen die Ergebnisse aus beiden Gutachten sowie die Empfehlungen von Tanja Wolf und Thomas Gro\u00dfb\u00f6lting bei.<\/p>\n\n\n\n<p>Ein weiterer Aspekt war auch die R\u00fcckbesinnung auf die Stiftungsgr\u00fcndung Ende der 1970er Jahre. Anl\u00e4sslich des 90. Geburtstages von Prof. Dr. Johannes G\u00f6deritz hatten sich seine \u00e4ltesten Sch\u00fcler und langj\u00e4hrigen Mitarbeiter (u.a. Dipl.-Ing. Ernst-Martin Winterstein, Architekt) entschlossen, eine Stiftung zur F\u00f6rderung begabter Studierender auf dem Gebiet des St\u00e4dtebaues und Wohnungswesens in Verbindung mit der Verleihung des Johannes-G\u00f6deritz-Preises zu gr\u00fcnden. Das Stiftungsverm\u00f6gen erbrachten sie aus pers\u00f6nlichen Mitteln. Es ist beachtenswert, wenn ehemalige Studierende zur Ehrung ihres Professors eine Stiftung gr\u00fcnden.<\/p>\n\n\n\n<p><em>Vorstand der Johannes-G\u00f6deritz-Stiftung im Oktober 2024<\/em><\/p>\n\n\n\n<p>Die beiden Gutachten von Tanja Wolf (Kurz- und Langfassung) und von Prof. Dr. Gro\u00dfb\u00f6lting k\u00f6nnen nachfolgend heruntergeladen werden.<\/p>\n\n\n\n<p><strong>Ordnung und Kontinuit\u00e4t? Johannes G\u00f6deritz (1888-1978), Architekt, Stadtbaurat, Honorarprofessor<\/strong> von Tanja Wolf<br><a href=\"https:\/\/www.tu-braunschweig-isl.de\/goederitz\/downloads\/Ordnung%20und%20Kontinuit%C3%A4t%3B%20Johannes%20G%C3%B6deritz%20von%20Tanja%20Wolf%2C%20Kurzfassung.pdf\" target=\"_blank\" rel=\"noreferrer noopener\">Gutachten von Tanja Wolf in der Kurzfassung<\/a><br><a href=\"https:\/\/www.tu-braunschweig-isl.de\/goederitz\/downloads\/Ordnung%20und%20Kontinuit%C3%A4t%3B%20Johannes%20G%C3%B6deritz%20von%20Tanja%20Wolf%2C%20Langfassung.pdf\" target=\"_blank\" rel=\"noreferrer noopener\">Gutachten von Tanja Wolf in der Langfassung<\/a><\/p>\n\n\n\n<p><strong>Johannes G\u00f6deritz (1888-1978) \u2013 Wie stand der St\u00e4dteplaner, Architekt und Hochschullehrer zum Nationalsozialismus?<\/strong> <br>von Prof. Dr. Thomas Gro\u00dfb\u00f6lting<br><a href=\"https:\/\/www.tu-braunschweig-isl.de\/goederitz\/downloads\/Johannes%20Goederitz%2C%20Wie%20stand%20der%20St%C3%A4dteplaner%2C%20Architektur%20und%20Hochschullehrer%20zum%20Nationalsozialismus%20von%20Thomas%20Gro%C3%9Fb%C3%B6lting.pdf\" target=\"_blank\" rel=\"noreferrer noopener\">Gutachten von Prof. Dr. Gro\u00dfb\u00f6lting<\/a><br><\/p>\n\n\n\n<figure class=\"wp-block-video\"><video controls poster=\"https:\/\/www.johannes-goederitz-stiftung.de\/wp-content\/uploads\/2024\/11\/thomas-grossboelting-scaled.jpg\" src=\"https:\/\/www.tu-braunschweig-isl.de\/goederitz\/downloads\/video1051858883.mp4\"><\/video><\/figure>\n\n\n\n<p>\u2020 Prof. Dr. Thomas Gro\u00dfb\u00f6lting<\/p>\n\n\n\n<p>Am 11. Februar 2025 verungl\u00fcckte Prof. Dr. Thomas Gro\u00dfb\u00f6lting auf tragische Weise t\u00f6dlich.<\/p>\n\n\n\n<p>Thomas Gro\u00dfb\u00f6lting war Professor f\u00fcr Neuere Geschichte der Universit\u00e4t Hamburg und Direktor an der Forschungsstelle f\u00fcr Zeitgeschichte in Hamburg. Im Jahr 2023 hatte ihn die Johannes-G\u00f6deritz-Stiftung gebeten, ein Gutachten zu Johannes-G\u00f6deritz zu verfassen. Die Fragestellung lautete: \u201eWie stand der Stadtplaner, Architekt und Hochschullehrer zum Nationalsozialismus?\u201c<\/p>\n\n\n\n<p>Am 25.10.2024 anl\u00e4sslich der Preisverleihung des Johannes-G\u00f6deritz-Wettbewerbs in Braunschweig erl\u00e4uterte uns Thomas Gro\u00dfb\u00f6lting das Ergebnis. Die analytische, abw\u00e4gende Art und Weise dieser aufgeworfenen Frage nachzugehen, war beeindruckend. Sein Gutachten dient der Stiftung als wertvolle Orientierungshilfe bei der Einsch\u00e4tzung von Johannes G\u00f6deritz w\u00e4hrend der NS-Zeit.<\/p>\n\n\n\n<p>Wir haben Prof. Dr. Thomas Gro\u00dfb\u00f6lting als einen zugewandten, umsichtigen und sympathischen Menschen kennengelernt, so wird er uns in Erinnerung bleiben.<\/p>\n\n\n\n<p>Unsere Gedanken und unser Mitgef\u00fchl sind bei seiner Familie.<\/p>\n\n\n\n<p>F\u00fcr den Vorstand der Johannes-G\u00f6deritz-Stiftung<\/p>\n\n\n\n<p>Prof. Uwe Brederlau (Institut f\u00fcr St\u00e4dtebau und Entwurfsmethodik, TU Braunschweig)<\/p>\n\n\n\n<p><\/p>\n","protected":false},"excerpt":{"rendered":"<p>Im Juni 2021 wurde der Vorstand der Johannes-G\u00f6deritz-Stiftung durch Prof. Ingrid Krau (M\u00fcnchen), Prof. Sophie Wolfrum (M\u00fcnchen) und&#8230;<\/p>\n","protected":false},"author":1,"featured_media":0,"parent":0,"menu_order":0,"comment_status":"closed","ping_status":"closed","template":"","meta":{"footnotes":""},"class_list":["post-2543","page","type-page","status-publish","hentry","content-wrap"],"_links":{"self":[{"href":"https:\/\/www.johannes-goederitz-stiftung.de\/index.php?rest_route=\/wp\/v2\/pages\/2543","targetHints":{"allow":["GET"]}}],"collection":[{"href":"https:\/\/www.johannes-goederitz-stiftung.de\/index.php?rest_route=\/wp\/v2\/pages"}],"about":[{"href":"https:\/\/www.johannes-goederitz-stiftung.de\/index.php?rest_route=\/wp\/v2\/types\/page"}],"author":[{"embeddable":true,"href":"https:\/\/www.johannes-goederitz-stiftung.de\/index.php?rest_route=\/wp\/v2\/users\/1"}],"replies":[{"embeddable":true,"href":"https:\/\/www.johannes-goederitz-stiftung.de\/index.php?rest_route=%2Fwp%2Fv2%2Fcomments&post=2543"}],"version-history":[{"count":10,"href":"https:\/\/www.johannes-goederitz-stiftung.de\/index.php?rest_route=\/wp\/v2\/pages\/2543\/revisions"}],"predecessor-version":[{"id":2601,"href":"https:\/\/www.johannes-goederitz-stiftung.de\/index.php?rest_route=\/wp\/v2\/pages\/2543\/revisions\/2601"}],"wp:attachment":[{"href":"https:\/\/www.johannes-goederitz-stiftung.de\/index.php?rest_route=%2Fwp%2Fv2%2Fmedia&parent=2543"}],"curies":[{"name":"wp","href":"https:\/\/api.w.org\/{rel}","templated":true}]}}