{"id":713,"date":"2012-10-01T15:18:40","date_gmt":"2012-10-01T13:18:40","guid":{"rendered":"http:\/\/www.johannes-goederitz-stiftung.de\/?page_id=713"},"modified":"2026-03-03T18:24:51","modified_gmt":"2026-03-03T16:24:51","slug":"impressum","status":"publish","type":"page","link":"https:\/\/www.johannes-goederitz-stiftung.de\/?page_id=713","title":{"rendered":"Impressum"},"content":{"rendered":"<p><strong>Herausgeber<\/strong><\/p>\n<p>Johannes-G\u00f6deritz-Stiftung<br \/>\nVorsitz: Prof. Dipl.-Ing. Arch. Uwe Brederlau<\/p>\n<p>Webmaster: Dipl.-Ing. Arch. Florian Holik<br \/>\ninfo@johannes-goederitz-stiftung.de<br \/>\nwww.johannes-goederitz-stiftung.de<\/p>\n<p><strong>Anschrift<\/strong><\/p>\n<p>TU Braunschweig<br \/>\nInstitut f\u00fcr St\u00e4dtebau und Entwurfsmethodik<br \/>\nPockelsstra\u00dfe 3, 13.OG<br \/>\n38106 Braunschweig<\/p>\n<p>Tel.: +49 (0)531 391 3538<br \/>\nFax: +49 (0)531 391 8103<\/p>\n<p><strong>Haftung<\/strong><\/p>\n<p>1. Inhalt des Onlineangebotes<br \/>\nDie Johannes-G\u00f6deritz-Stiftung \u00fcbernimmt keine Gew\u00e4hr f\u00fcr die Aktualit\u00e4t, Korrektheit, Vollst\u00e4ndigkeit oder Qualit\u00e4t der von ihm bereitgestellten Informationen. Grunds\u00e4tzlich ausgeschlossen sind Haftungsanspr\u00fcche, welche sich auf Sch\u00e4den materieller oder ideeller Art beziehen, die durch die Nutzung oder Nichtnutzung der dargebotenen Informationen bzw. durch die Nutzung fehlerhafter und unvollst\u00e4ndiger Informationen verursacht wurden, sofern die Mitarbeiter der Johannes-G\u00f6deritz-Stiftung nicht nachweislich vors\u00e4tzlich oder grob fahrl\u00e4ssig gehandelt haben, es sei denn, dass eine schuldhafte Verletzung wesentlicher Vertragspflichten oder Kardinalpflichten vorliegt. In diesem Fall ist die Haftung der Johannes-G\u00f6deritz-Stiftung auf typische bei Begr\u00fcndung des Nutzungsverh\u00e4ltnisses vorhersehbare Sch\u00e4den beschr\u00e4nkt. Die Haftungssumme wird, au\u00dfer bei vors\u00e4tzlich herbeigef\u00fchrten Sch\u00e4den, auf 500 Euro begrenzt.<br \/>\nAlle Angebote sind unverbindlich. Die Johannes-G\u00f6deritz-Stiftung beh\u00e4lt es sich ausdr\u00fccklich vor, Teile der Seiten oder das gesamte Angebot ohne gesonderte Ank\u00fcndigung zu ver\u00e4ndern, zu erg\u00e4nzen, zu l\u00f6schen oder die Ver\u00f6ffentlichung zeitweise oder endg\u00fcltig einzustellen.<\/p>\n<p>2. Verweise\/Verkn\u00fcpfungen (&#8222;Links&#8220;)<br \/>\nBei direkten oder indirekten Verweisen (&#8222;Links&#8220;) auf fremde Internetseiten, die au\u00dferhalb des Verantwortungsbereiches der Johannes-G\u00f6deritz-Stiftung liegen, w\u00fcrde eine Haftungspflicht ausschlie\u00dflich in dem Fall gegeben sein, in dem der Autor von den Inhalten Kenntnis hat und es ihm technisch m\u00f6glich und zumutbar w\u00e4re, die Nutzung rechtswidriger Inhalte zu verhindern.<br \/>\nDie Johannes-G\u00f6deritz-Stiftung erkl\u00e4rt hiermit ausdr\u00fccklich, dass zum Zeitpunkt der Linksetzung keine illegalen Inhalte auf den zu verlinkenden Seiten erkennbar waren. Auf die aktuelle und zuk\u00fcnftige Gestaltung, die Inhalte und\/oder die Urheberschaft durch Links verkn\u00fcpfte Seiten hat die Johannes-G\u00f6deritz-Stiftung keinerlei Einfluss. Deshalb distanziert sich die Johannes-G\u00f6deritz-Stiftung hiermit ausdr\u00fccklich von allen verlinkten Seiten, die nach der Linksetzung ver\u00e4ndert wurden. Dies gilt f\u00fcr alle innerhalb des eigenen Internetangebotes gesetzten Links sowie f\u00fcr Fremdeintr\u00e4ge in vom Autor z. B. eingerichteten G\u00e4steb\u00fcchern, Diskussionsforen und Mailinglisten. F\u00fcr illegale, fehlerhafte oder unvollst\u00e4ndige Inhalte und insbesondere f\u00fcr Sch\u00e4den, die aus der Nutzung solcher Informationen entstehen, haftet allein der Anbieter der Seite, auf welche verwiesen wurde, und nicht derjenige, der \u00fcber Links auf die jeweilige Ver\u00f6ffentlichung lediglich verweist.<\/p>\n<p>3. Urheber- und Kennzeichenrecht<br \/>\nDie Johannes-G\u00f6deritz-Stiftung ist bestrebt, in allen Publikationen die Urheberrechte der verwendeten Grafiken, Tondokumente, Videosequenzen und Texte zu beachten.<br \/>\nAlle innerhalb des Internetangebotes genannten und ggf. durch Dritte gesch\u00fctzten Marken- und Warenzeichen unterliegen uneingeschr\u00e4nkt den Bestimmungen des jeweils g\u00fcltigen Kennzeichenrechts und den Besitzrechten der jeweiligen eingetragenen Eigent\u00fcmer. Allein aufgrund der blo\u00dfen Nennung ist nicht der Schluss zu ziehen, dass Markenzeichen nicht durch Rechte Dritter gesch\u00fctzt sind.<br \/>\nDas Copyright f\u00fcr ver\u00f6ffentlichte, von Mitarbeitern der Johannes-G\u00f6deritz-Stiftung selbst erstellte Objekte bleibt allein bei dessen Urhebern. Eine Vervielf\u00e4ltigung oder Verwendung solcher Grafiken, Tondokumente, Videosequenzen und Texte in anderen elektronischen oder gedruckten Publikationen ist ohne ausdr\u00fcckliche Zustimmung der Urheber nicht gestattet.<\/p>\n<p>4. Datenschutz<br \/>\nSofern innerhalb des Internetangebotes die M\u00f6glichkeit zur Eingabe pers\u00f6nlicher oder gesch\u00e4ftlicher Daten (E-Mailadressen, Namen, Anschriften) besteht, erfolgt dies ausdr\u00fccklich auf freiwilliger Basis. Die Inanspruchnahme aller angebotenen Dienste ist &#8211; soweit technisch m\u00f6glich und zumutbar &#8211; auch ohne Angabe solcher Daten bzw. unter Angabe anonymisierter Daten oder eines Pseudonyms gestattet.<\/p>\n<p>5. Rechtswirksamkeit dieser Haftungsregelung<br \/>\nSofern Teile oder einzelne Formulierungen dieser Haftungsregelung der geltenden Rechtslage nicht, nicht mehr oder nicht vollst\u00e4ndig entsprechen sollten, bleiben die \u00fcbrigen Regelungen in ihrem Inhalt und ihrer G\u00fcltigkeit bestehen.<\/p>\n","protected":false},"excerpt":{"rendered":"<p>Herausgeber Johannes-G\u00f6deritz-Stiftung Vorsitz: Prof. Dipl.-Ing. Arch. Uwe Brederlau Webmaster: Dipl.-Ing. Arch. Florian Holik info@johannes-goederitz-stiftung.de www.johannes-goederitz-stiftung.de Anschrift TU Braunschweig&#8230;<\/p>\n","protected":false},"author":1,"featured_media":0,"parent":0,"menu_order":0,"comment_status":"closed","ping_status":"closed","template":"","meta":{"footnotes":""},"class_list":["post-713","page","type-page","status-publish","hentry","content-wrap"],"_links":{"self":[{"href":"https:\/\/www.johannes-goederitz-stiftung.de\/index.php?rest_route=\/wp\/v2\/pages\/713","targetHints":{"allow":["GET"]}}],"collection":[{"href":"https:\/\/www.johannes-goederitz-stiftung.de\/index.php?rest_route=\/wp\/v2\/pages"}],"about":[{"href":"https:\/\/www.johannes-goederitz-stiftung.de\/index.php?rest_route=\/wp\/v2\/types\/page"}],"author":[{"embeddable":true,"href":"https:\/\/www.johannes-goederitz-stiftung.de\/index.php?rest_route=\/wp\/v2\/users\/1"}],"replies":[{"embeddable":true,"href":"https:\/\/www.johannes-goederitz-stiftung.de\/index.php?rest_route=%2Fwp%2Fv2%2Fcomments&post=713"}],"version-history":[{"count":16,"href":"https:\/\/www.johannes-goederitz-stiftung.de\/index.php?rest_route=\/wp\/v2\/pages\/713\/revisions"}],"predecessor-version":[{"id":2602,"href":"https:\/\/www.johannes-goederitz-stiftung.de\/index.php?rest_route=\/wp\/v2\/pages\/713\/revisions\/2602"}],"wp:attachment":[{"href":"https:\/\/www.johannes-goederitz-stiftung.de\/index.php?rest_route=%2Fwp%2Fv2%2Fmedia&parent=713"}],"curies":[{"name":"wp","href":"https:\/\/api.w.org\/{rel}","templated":true}]}}